{"id":3406,"date":"2022-08-09T02:46:46","date_gmt":"2022-08-08T19:46:46","guid":{"rendered":"https:\/\/homepage-uat.hdinsurance.com.vn\/homepage\/"},"modified":"2024-04-08T10:52:06","modified_gmt":"2024-04-08T03:52:06","slug":"homepage","status":"publish","type":"page","link":"https:\/\/hdi-hpcms.test.finos.asia\/en\/","title":{"rendered":"Homepage"},"content":{"rendered":"\r\n<div class=\"wp-block-hdi-hdi-about-us-v2\">\r\n<div class=\"section about-us-section\" data-anchor=\"Page 3\"><span class=\"hdi_about_us_v2_video_banner_link\" style=\"display: none;\">https:\/\/hdi-public-uat-bucket-statics-resource.s3.ap-southeast-1.amazonaws.com\/2022\/12\/ve-hdi.jpg<\/span><img decoding=\"async\" id=\"hdi_about_us_v2_video_banner_link\" class=\"hdi_about_us_v2_video_banner_link\" src=\"https:\/\/hdi-public-uat-bucket-statics-resource.s3.ap-southeast-1.amazonaws.com\/2022\/12\/ve-hdi.jpg\" alt=\"Video Banner\" \/><span class=\"hdi_about_us_v2_youtube_url\" style=\"display: none;\">HDxczAMkQvE<\/span>\r\n<div id=\"youtubeVideoAboutUs\">\u00a0<\/div>\r\n<div class=\"content\">\r\n<div class=\"content-detail\">\r\n<h1 class=\"hdi_about_us_v2_title\">Ch\u00fang t\u00f4i mang \u0111\u1ebfn v\u0103n ho\u00e1 d\u1ecbch v\u1ee5 minh b\u1ea1ch, \u0111\u1eadm t\u00ednh nh\u00e2n v\u0103n, l\u1ea5y con ng\u01b0\u1eddi l\u00e0m tr\u1ecdng t\u00e2m<\/h1>\r\n<p class=\"hdi_about_us_v2_description\"><br \/>HD Insurance l\u00e0 th\u01b0\u01a1ng hi\u1ec7u b\u1ea3o hi\u1ec3m c\u00f4ng ngh\u1ec7 s\u1ed1 coi tr\u1ecdng t\u00ednh minh b\u1ea1ch, nh\u00e2n v\u0103n trong v\u0103n ho\u00e1 d\u1ecbch v\u1ee5, \u0111\u1eb7t nhu c\u1ea7u v\u00e0 l\u1ee3i \u00edch kh\u00e1ch h\u00e0ng l\u00ean h\u00e0ng \u0111\u1ea7u \u0111\u1ec3 \u0111\u00e1p \u1ee9ng t\u1ed1t nh\u1ea5t mong \u0111\u1ee3i c\u1ee7a kh\u00e1ch h\u00e0ng.<\/p>\r\n<\/div>\r\n<div class=\"btn-div\"><span class=\"hdi_about_us_v2_link\" style=\"display: none;\">https:\/\/homepage-uat.hdinsurance.com.vn\/about-us-page\/<\/span><a class=\"about\" href=\"https:\/\/homepage-uat.hdinsurance.com.vn\/about-us-page\/\">V\u1ec1 ch\u00fang t\u00f4i<img decoding=\"async\" class=\"ml-2\" src=\"https:\/\/homepage-uat.hdinsurance.com.vn\/wp-content\/plugins\/hdi-about-us-v2\/src\/right-arrow-white.png\" alt=\"right-arrow-2\" \/><\/a><a id=\"playVideoHomePage\" class=\"play-video\"><img decoding=\"async\" class=\"mr-2\" src=\"https:\/\/homepage-uat.hdinsurance.com.vn\/wp-content\/plugins\/hdi-about-us-v2\/src\/play-video.png\" alt=\"play-video\" \/>Xem Video<\/a><\/div>\r\n<\/div>\r\n<\/div>\r\n<\/div>\r\n\r\n\r\n\r\n<div class=\"wp-block-hdi-hdi-contact-v2\">\r\n<div class=\"contact-section\" data-anchor=\"Page 4\">\r\n<div class=\"row\">\r\n<div class=\"col-md-6 left\">\r\n<h2 class=\"hdi_contact_v2_title\">Contact for insurance consultation<\/h2>\r\n<p class=\"hdi_contact_v2_description\">Please provide your contact details and choose a time frame for consultation. Our expert team at HD Insurance will promptly address any inquiries or concerns regarding insurance products or customer service.<\/p>\r\n<p class=\"contact-channel\">Contact us via:<\/p>\r\n<div class=\"img-channel\"><span class=\"hdi_contact_v2_link_1\" style=\"display: none;\">#1900068898<\/span><span class=\"hdi_contact_v2_link_2\" style=\"display: none;\">http:\/\/m.me\/CongTyBaoHiemHD<\/span><a href=\"#1900068898\" target=\"_blank\" rel=\"noopener\"><img decoding=\"async\" class=\"hdi_contact_v2_image_url_link_1\" src=\"https:\/\/hdi-public-uat-bucket-statics-resource.s3.ap-southeast-1.amazonaws.com\/2022\/12\/call-chat-64x64-1.png\" alt=\"Contact Link 1\" \/><\/a><a href=\"http:\/\/m.me\/CongTyBaoHiemHD\" target=\"_blank\" rel=\"noopener\"><img decoding=\"async\" class=\"hdi_contact_v2_image_url_link_2\" src=\"https:\/\/hdi-public-uat-bucket-statics-resource.s3.ap-southeast-1.amazonaws.com\/2022\/12\/facebook-65x65-1.png\" alt=\"Contact Link 2\" \/><\/a><\/div>\r\n<p class=\"booking\">Alternatively, you may schedule an appointment.<\/p>\r\n<form>\r\n<div class=\"row\">\r\n<div class=\"col\"><input class=\"form-control\" name=\"full_name\" required=\"\" type=\"text\" placeholder=\"Full name\" \/><\/div>\r\n<div class=\"col\"><input id=\"phone_number\" class=\"form-control\" name=\"phone_number\" required=\"\" type=\"tel\" placeholder=\"Phone number\" \/><\/div>\r\n<\/div>\r\n<div class=\"row\">\r\n<div class=\"col booking-date-field\"><input class=\"form-control\" name=\"booking_date\" required=\"\" type=\"text\" placeholder=\"Date\" \/><\/div>\r\n<div class=\"col\"><input class=\"form-control\" name=\"customer_email\" type=\"email\" placeholder=\"Email\" \/><\/div>\r\n<\/div>\r\n<div class=\"row\">\r\n<div class=\"col\"><input class=\"form-control\" name=\"booking_time_start\" required=\"\" type=\"text\" placeholder=\"Start time\" \/><\/div>\r\n<div class=\"col\"><input class=\"form-control\" name=\"booking_time_end\" required=\"\" type=\"text\" placeholder=\"End time\" \/><\/div>\r\n<\/div>\r\n<div class=\"row\">\r\n<div class=\"col\"><button class=\"btn form-control submit btn-submit-booking-contact\" type=\"button\">Schedule an appointment.<img decoding=\"async\" class=\"ml-2\" src=\"https:\/\/homepage-uat.hdinsurance.com.vn\/wp-content\/plugins\/hdi-contact-v2\/src\/right-arrow-white.png\" alt=\"\" \/><\/button><\/div>\r\n<\/div>\r\n<\/form><\/div>\r\n<div class=\"col-md-6 right\"><img decoding=\"async\" class=\"hdi_contact_v2_right_image_url\" src=\"https:\/\/storage.test.finos.asia\/hdi-public-test-bucket-static-resource\/2022\/10\/contact-hdi.png\" alt=\"Right Icon Contact\" \/><\/div>\r\n<\/div>\r\n<\/div>\r\n<\/div>\r\n\r\n\r\n\r\n<div class=\"wp-block-hdi-hdi-checking\">\r\n<div class=\"checking-section\" data-anchor=\"Page 5\">\r\n<div class=\"row\">\r\n<div class=\"col-md-7 left\"><img decoding=\"async\" class=\"hdi_checking_left_image_url\" src=\"https:\/\/storage.test.finos.asia\/hdi-public-test-bucket-static-resource\/2022\/08\/checking.png\" alt=\"Right Icon checking\" \/><\/div>\r\n<div class=\"col-md-5 right\">\r\n<div class=\"content\">\r\n<h2 class=\"hdi_checking_above_title\">Integrating multiple customer services on a single platform.<\/h2>\r\n<p class=\"hdi_checking_above_description\">Effortlessly manage contracts, renew insurance policies, and request claims all in one centralized location. Log in to the customer portal today to centrally manage all information related to your insurance.<\/p>\r\n<span class=\"hdi_checking_login_url\" style=\"display: none;\">https:\/\/hdi-customer-portal.test.finos.asia\/login<\/span><a class=\"btn check-now check-login-now-btn\" href=\"https:\/\/hdi-customer-portal.test.finos.asia\/login\"><span class=\"check-profile\">Login now<\/span><img decoding=\"async\" src=\"https:\/\/homepage-uat.hdinsurance.com.vn\/wp-content\/plugins\/hdi-checking\/src\/right-arrow-white.png\" alt=\"right-arrow-1\" \/><\/a><a class=\"btn check-now check-create-a-claim-btn\" href=\"claim.org\"><span class=\"check-profile\">Create claim request<\/span><img decoding=\"async\" src=\"https:\/\/homepage-uat.hdinsurance.com.vn\/wp-content\/plugins\/hdi-checking\/src\/right-arrow-white.png\" alt=\"right-arrow-1\" \/><\/a><\/div>\r\n<\/div>\r\n<\/div>\r\n<div class=\"row slogan\">\r\n<h5 class=\"hdi_checking_behind_title\">HD Insurance is situated within the ecosystem of the Sovico Group, benefitting from the robust financial resources and strong reputation of the conglomerate.<\/h5>\r\n<p class=\"hdi_checking_behind_description\">Embedded in an ecosystem of Insurance &#8211; Finance &#8211; Banking &#8211; Aviation &#8211; Real estate industries with a solid reputation and financial strength, HD Insurance stands as a leading insurtech company integrated with a modern and comprehensive Core Insurance platform, committed to offering a diverse range of valuable products and services that provide a convenient and flexible user experience, catering optimally to the insurance needs of customers.<\/p>\r\n<div><a id=\"hdi-checking-view-more\">Watch more \u00a0<img decoding=\"async\" src=\"https:\/\/homepage-uat.hdinsurance.com.vn\/wp-content\/plugins\/hdi-checking\/src\/right-arrow.png\" alt=\"right-arrow-2\" \/><\/a>\r\n<div class=\"hdi_checking_view_more_text\">Embedded in an ecosystem of Insurance &#8211; Finance &#8211; Banking &#8211; Aviation &#8211; Real estate industries with a solid reputation and financial strength, HD Insurance stands as a leading insurtech company integrated with a modern and comprehensive Core Insurance platform, committed to offering a diverse range of valuable products and services that provide a convenient and flexible user experience, catering optimally to the insurance needs of customers. Embedded in an ecosystem of Insurance &#8211; Finance &#8211; Banking &#8211; Aviation &#8211; Real estate industries with a solid reputation and financial strength, HD Insurance stands as a leading insurtech company integrated with a modern and comprehensive Core Insurance platform, committed to offering a diverse range of valuable products and services that provide a convenient and flexible user experience, catering optimally to the insurance needs of customers. Embedded in an ecosystem of Insurance &#8211; Finance &#8211; Banking &#8211; Aviation &#8211; Real estate industries with a solid reputation and financial strength, HD Insurance stands as a leading insurtech company integrated with a modern and comprehensive Core Insurance platform, committed to offering a diverse range of valuable products and services that provide a convenient and flexible user experience, catering optimally to the insurance needs of customers. Embedded in an ecosystem of Insurance &#8211; Finance &#8211; Banking &#8211; Aviation &#8211; Real estate industries with a solid reputation and financial strength, HD Insurance stands as a leading insurtech company integrated with a modern and comprehensive Core Insurance platform, committed to offering a diverse range of valuable products and services that provide a convenient and flexible user experience, catering optimally to the insurance needs of customers. Embedded in an ecosystem of Insurance &#8211; Finance &#8211; Banking &#8211; Aviation &#8211; Real estate industries with a solid reputation and financial strength, HD Insurance stands as a leading insurtech company integrated with a modern and comprehensive Core Insurance platform, committed to offering a diverse range of valuable products and services that provide a convenient and flexible user experience, catering optimally to the insurance needs of customers. We wish to become the top choice of customers and partners in the field of non-life insurance by pioneering in grasping new world trends, integrating a comprehensive digital technology platform to bring a comprehensive insurance experience. Convenient and reliable insurance for users.<\/div>\r\n<\/div>\r\n<\/div>\r\n<\/div>\r\n<\/div>\r\n","protected":false},"excerpt":{"rendered":"","protected":false},"author":1,"featured_media":0,"parent":0,"menu_order":0,"comment_status":"closed","ping_status":"closed","template":"","meta":[],"acf":[],"yoast_head":"<!-- This site is optimized with the Yoast SEO plugin v19.9 - https:\/\/yoast.com\/wordpress\/plugins\/seo\/ -->\n<title>Homepage - HD insurance<\/title>\n<meta name=\"robots\" content=\"index, follow, max-snippet:-1, max-image-preview:large, max-video-preview:-1\" \/>\n<link rel=\"canonical\" href=\"https:\/\/hdi-hpcms.test.finos.asia\/en\/\" \/>\n<meta property=\"og:locale\" content=\"en_US\" \/>\n<meta property=\"og:type\" content=\"article\" \/>\n<meta property=\"og:title\" content=\"Homepage - HD insurance\" \/>\n<meta property=\"og:url\" content=\"https:\/\/hdi-hpcms.test.finos.asia\/en\/\" \/>\n<meta property=\"og:site_name\" content=\"HD insurance\" \/>\n<meta property=\"article:modified_time\" content=\"2024-04-08T03:52:06+00:00\" \/>\n<meta property=\"og:image\" content=\"https:\/\/hdi-public-uat-bucket-statics-resource.s3.ap-southeast-1.amazonaws.com\/2022\/12\/ve-hdi.jpg\" \/>\n<meta name=\"twitter:card\" content=\"summary_large_image\" \/>\n<meta name=\"twitter:label1\" content=\"Est. reading time\" \/>\n\t<meta name=\"twitter:data1\" content=\"6 minutes\" \/>\n<script type=\"application\/ld+json\" class=\"yoast-schema-graph\">{\"@context\":\"https:\/\/schema.org\",\"@graph\":[{\"@type\":\"WebPage\",\"@id\":\"https:\/\/hdi-hpcms.test.finos.asia\/en\/\",\"url\":\"https:\/\/hdi-hpcms.test.finos.asia\/en\/\",\"name\":\"Homepage - HD insurance\",\"isPartOf\":{\"@id\":\"https:\/\/hdi-hpcms.test.finos.asia\/#website\"},\"datePublished\":\"2022-08-08T19:46:46+00:00\",\"dateModified\":\"2024-04-08T03:52:06+00:00\",\"breadcrumb\":{\"@id\":\"https:\/\/hdi-hpcms.test.finos.asia\/en\/#breadcrumb\"},\"inLanguage\":\"en-US\",\"potentialAction\":[{\"@type\":\"ReadAction\",\"target\":[\"https:\/\/hdi-hpcms.test.finos.asia\/en\/\"]}]},{\"@type\":\"BreadcrumbList\",\"@id\":\"https:\/\/hdi-hpcms.test.finos.asia\/en\/#breadcrumb\",\"itemListElement\":[{\"@type\":\"ListItem\",\"position\":1,\"name\":\"Home\",\"item\":\"https:\/\/hdi-hpcms.test.finos.asia\/en\/\"},{\"@type\":\"ListItem\",\"position\":2,\"name\":\"Homepage\"}]},{\"@type\":\"WebSite\",\"@id\":\"https:\/\/hdi-hpcms.test.finos.asia\/#website\",\"url\":\"https:\/\/hdi-hpcms.test.finos.asia\/\",\"name\":\"HD insurance\",\"description\":\"Just another WordPress site\",\"publisher\":{\"@id\":\"https:\/\/hdi-hpcms.test.finos.asia\/#organization\"},\"potentialAction\":[{\"@type\":\"SearchAction\",\"target\":{\"@type\":\"EntryPoint\",\"urlTemplate\":\"https:\/\/hdi-hpcms.test.finos.asia\/?s={search_term_string}\"},\"query-input\":\"required name=search_term_string\"}],\"inLanguage\":\"en-US\"},{\"@type\":\"Organization\",\"@id\":\"https:\/\/hdi-hpcms.test.finos.asia\/#organization\",\"name\":\"HD insurance\",\"url\":\"https:\/\/hdi-hpcms.test.finos.asia\/\",\"logo\":{\"@type\":\"ImageObject\",\"inLanguage\":\"en-US\",\"@id\":\"https:\/\/hdi-hpcms.test.finos.asia\/#\/schema\/logo\/image\/\",\"url\":\"https:\/\/hdi-public-uat-bucket-statics-resource.s3.ap-southeast-1.amazonaws.com\/2022\/10\/d8bXBIw6-cropped-Group-1238.png\",\"contentUrl\":\"https:\/\/hdi-public-uat-bucket-statics-resource.s3.ap-southeast-1.amazonaws.com\/2022\/10\/d8bXBIw6-cropped-Group-1238.png\",\"width\":66,\"height\":50,\"caption\":\"HD insurance\"},\"image\":{\"@id\":\"https:\/\/hdi-hpcms.test.finos.asia\/#\/schema\/logo\/image\/\"}}]}<\/script>\n<!-- \/ Yoast SEO plugin. -->","yoast_head_json":{"title":"Homepage - HD insurance","robots":{"index":"index","follow":"follow","max-snippet":"max-snippet:-1","max-image-preview":"max-image-preview:large","max-video-preview":"max-video-preview:-1"},"canonical":"https:\/\/hdi-hpcms.test.finos.asia\/en\/","og_locale":"en_US","og_type":"article","og_title":"Homepage - HD insurance","og_url":"https:\/\/hdi-hpcms.test.finos.asia\/en\/","og_site_name":"HD insurance","article_modified_time":"2024-04-08T03:52:06+00:00","og_image":[{"url":"https:\/\/hdi-public-uat-bucket-statics-resource.s3.ap-southeast-1.amazonaws.com\/2022\/12\/ve-hdi.jpg"}],"twitter_card":"summary_large_image","twitter_misc":{"Est. reading time":"6 minutes"},"schema":{"@context":"https:\/\/schema.org","@graph":[{"@type":"WebPage","@id":"https:\/\/hdi-hpcms.test.finos.asia\/en\/","url":"https:\/\/hdi-hpcms.test.finos.asia\/en\/","name":"Homepage - HD insurance","isPartOf":{"@id":"https:\/\/hdi-hpcms.test.finos.asia\/#website"},"datePublished":"2022-08-08T19:46:46+00:00","dateModified":"2024-04-08T03:52:06+00:00","breadcrumb":{"@id":"https:\/\/hdi-hpcms.test.finos.asia\/en\/#breadcrumb"},"inLanguage":"en-US","potentialAction":[{"@type":"ReadAction","target":["https:\/\/hdi-hpcms.test.finos.asia\/en\/"]}]},{"@type":"BreadcrumbList","@id":"https:\/\/hdi-hpcms.test.finos.asia\/en\/#breadcrumb","itemListElement":[{"@type":"ListItem","position":1,"name":"Home","item":"https:\/\/hdi-hpcms.test.finos.asia\/en\/"},{"@type":"ListItem","position":2,"name":"Homepage"}]},{"@type":"WebSite","@id":"https:\/\/hdi-hpcms.test.finos.asia\/#website","url":"https:\/\/hdi-hpcms.test.finos.asia\/","name":"HD insurance","description":"Just another WordPress site","publisher":{"@id":"https:\/\/hdi-hpcms.test.finos.asia\/#organization"},"potentialAction":[{"@type":"SearchAction","target":{"@type":"EntryPoint","urlTemplate":"https:\/\/hdi-hpcms.test.finos.asia\/?s={search_term_string}"},"query-input":"required name=search_term_string"}],"inLanguage":"en-US"},{"@type":"Organization","@id":"https:\/\/hdi-hpcms.test.finos.asia\/#organization","name":"HD insurance","url":"https:\/\/hdi-hpcms.test.finos.asia\/","logo":{"@type":"ImageObject","inLanguage":"en-US","@id":"https:\/\/hdi-hpcms.test.finos.asia\/#\/schema\/logo\/image\/","url":"https:\/\/hdi-public-uat-bucket-statics-resource.s3.ap-southeast-1.amazonaws.com\/2022\/10\/d8bXBIw6-cropped-Group-1238.png","contentUrl":"https:\/\/hdi-public-uat-bucket-statics-resource.s3.ap-southeast-1.amazonaws.com\/2022\/10\/d8bXBIw6-cropped-Group-1238.png","width":66,"height":50,"caption":"HD insurance"},"image":{"@id":"https:\/\/hdi-hpcms.test.finos.asia\/#\/schema\/logo\/image\/"}}]}},"_links":{"self":[{"href":"https:\/\/hdi-hpcms.test.finos.asia\/en\/wp-json\/wp\/v2\/pages\/3406"}],"collection":[{"href":"https:\/\/hdi-hpcms.test.finos.asia\/en\/wp-json\/wp\/v2\/pages"}],"about":[{"href":"https:\/\/hdi-hpcms.test.finos.asia\/en\/wp-json\/wp\/v2\/types\/page"}],"author":[{"embeddable":true,"href":"https:\/\/hdi-hpcms.test.finos.asia\/en\/wp-json\/wp\/v2\/users\/1"}],"replies":[{"embeddable":true,"href":"https:\/\/hdi-hpcms.test.finos.asia\/en\/wp-json\/wp\/v2\/comments?post=3406"}],"version-history":[{"count":10,"href":"https:\/\/hdi-hpcms.test.finos.asia\/en\/wp-json\/wp\/v2\/pages\/3406\/revisions"}],"predecessor-version":[{"id":3599,"href":"https:\/\/hdi-hpcms.test.finos.asia\/en\/wp-json\/wp\/v2\/pages\/3406\/revisions\/3599"}],"wp:attachment":[{"href":"https:\/\/hdi-hpcms.test.finos.asia\/en\/wp-json\/wp\/v2\/media?parent=3406"}],"curies":[{"name":"wp","href":"https:\/\/api.w.org\/{rel}","templated":true}]}}